{"id":1140,"date":"2023-08-20T15:48:38","date_gmt":"2023-08-20T13:48:38","guid":{"rendered":"https:\/\/caniplex.fr\/dev\/?page_id=1140"},"modified":"2024-08-21T15:45:38","modified_gmt":"2024-08-21T13:45:38","slug":"mentions-legales","status":"publish","type":"page","link":"https:\/\/caniplex.fr\/boutique\/mentions-legales\/","title":{"rendered":"Mentions l\u00e9gales"},"content":{"rendered":"\t\t<div data-elementor-type=\"wp-page\" data-elementor-id=\"1140\" class=\"elementor elementor-1140\" data-elementor-post-type=\"page\">\n\t\t\t\t\t\t<section class=\"elementor-section elementor-top-section elementor-element elementor-element-d653182 elementor-section-height-min-height elementor-section-boxed elementor-section-height-default elementor-section-items-middle\" data-id=\"d653182\" data-element_type=\"section\">\n\t\t\t\t\t\t<div class=\"elementor-container elementor-column-gap-default\">\n\t\t\t\t\t<div class=\"elementor-column elementor-col-100 elementor-top-column elementor-element elementor-element-6a73754\" data-id=\"6a73754\" data-element_type=\"column\">\n\t\t\t<div class=\"elementor-widget-wrap\">\n\t\t\t\t\t\t\t<\/div>\n\t\t<\/div>\n\t\t\t\t\t<\/div>\n\t\t<\/section>\n\t\t\t\t<section class=\"elementor-section elementor-top-section elementor-element elementor-element-75ef145 elementor-section-boxed elementor-section-height-default elementor-section-height-default\" data-id=\"75ef145\" data-element_type=\"section\">\n\t\t\t\t\t\t<div class=\"elementor-container elementor-column-gap-default\">\n\t\t\t\t\t<div class=\"elementor-column elementor-col-100 elementor-top-column elementor-element elementor-element-a719adf\" data-id=\"a719adf\" data-element_type=\"column\">\n\t\t\t<div class=\"elementor-widget-wrap elementor-element-populated\">\n\t\t\t\t\t\t<div class=\"elementor-element elementor-element-1a4d905 elementor-widget elementor-widget-heading\" data-id=\"1a4d905\" data-element_type=\"widget\" data-widget_type=\"heading.default\">\n\t\t\t\t<div class=\"elementor-widget-container\">\n\t\t\t\t\t<h2 class=\"elementor-heading-title elementor-size-default\">Mentions L\u00e9gales<\/h2>\t\t\t\t<\/div>\n\t\t\t\t<\/div>\n\t\t\t\t<div class=\"elementor-element elementor-element-0bbbf50 elementor-widget__width-initial elementor-widget elementor-widget-text-editor\" data-id=\"0bbbf50\" data-element_type=\"widget\" data-widget_type=\"text-editor.default\">\n\t\t\t\t<div class=\"elementor-widget-container\">\n\t\t\t\t\t\t\t\t\t<p>SARL Caniplex<br \/>177 Rue de Bovila 46800 Porte du Quercy &#8211; FRANCE<\/p><p>G\u00e9rant : Lieu Alexandre<br \/>Siret : 75350189900011<br \/>Capital : 20 000 \u20ac<\/p><p>Vous pouvez nous contactez \u00e0 tout moment : <br \/>Portable : 07.75.72.55.33<br \/>Email : <a href=\"mailto:contact@caniplex.fr\">contact@caniplex.fr<\/a><\/p><p>Caniplex est une marque d\u00e9pos\u00e9 \u00e0 l&#8217;INPI.<\/p><p><strong>Responsable de la Publication :<\/strong> <em>Lieu Alexandre<\/em><br \/><strong>Contact :<\/strong> <a href=\"mailto:contact@caniplex.fr\">contact@caniplex.fr<\/a><\/p><p><strong>H\u00e9bergeur :<\/strong><br \/>OVH<br \/>2 rue Kellermann \u2013 BP 80157<br \/>59053 ROUBAIX CEDEX 1<\/p><p>l&#8217;identit\u00e9 graphique et le d\u00e9veloppement du site de vente on \u00e9t\u00e9 r\u00e9alis\u00e9 par l&#8217;agence Achroma. <br \/>Site : <a href=\"https:\/\/agence-achroma.com\/\" target=\"_blank\" rel=\"noopener\">agence-achroma.com<\/a><\/p>\t\t\t\t\t\t\t\t<\/div>\n\t\t\t\t<\/div>\n\t\t\t\t\t<\/div>\n\t\t<\/div>\n\t\t\t\t\t<\/div>\n\t\t<\/section>\n\t\t\t\t<section class=\"elementor-section elementor-top-section elementor-element elementor-element-c93efde elementor-section-height-min-height elementor-section-boxed elementor-section-height-default elementor-section-items-middle\" data-id=\"c93efde\" data-element_type=\"section\">\n\t\t\t\t\t\t<div class=\"elementor-container elementor-column-gap-default\">\n\t\t\t\t\t<div class=\"elementor-column elementor-col-100 elementor-top-column elementor-element elementor-element-ca4f62f\" data-id=\"ca4f62f\" data-element_type=\"column\">\n\t\t\t<div class=\"elementor-widget-wrap\">\n\t\t\t\t\t\t\t<\/div>\n\t\t<\/div>\n\t\t\t\t\t<\/div>\n\t\t<\/section>\n\t\t\t\t<\/div>\n\t\t","protected":false},"excerpt":{"rendered":"<p>Mentions L\u00e9gales SARL Caniplex177 Rue de Bovila 46800 Porte du Quercy &#8211; FRANCE G\u00e9rant : Lieu AlexandreSiret : 75350189900011Capital : 20 000 \u20ac Vous pouvez nous contactez \u00e0 tout moment : Portable : 07.75.72.55.33Email : contact@caniplex.fr Caniplex est une marque d\u00e9pos\u00e9 \u00e0 l&#8217;INPI. Responsable de la Publication : Lieu AlexandreContact : contact@caniplex.fr H\u00e9bergeur :OVH2 rue [&hellip;]<\/p>\n","protected":false},"author":1,"featured_media":0,"parent":0,"menu_order":0,"comment_status":"closed","ping_status":"closed","template":"","meta":{"footnotes":""},"class_list":["post-1140","page","type-page","status-publish","hentry"],"jetpack_sharing_enabled":true,"_links":{"self":[{"href":"https:\/\/caniplex.fr\/boutique\/wp-json\/wp\/v2\/pages\/1140","targetHints":{"allow":["GET"]}}],"collection":[{"href":"https:\/\/caniplex.fr\/boutique\/wp-json\/wp\/v2\/pages"}],"about":[{"href":"https:\/\/caniplex.fr\/boutique\/wp-json\/wp\/v2\/types\/page"}],"author":[{"embeddable":true,"href":"https:\/\/caniplex.fr\/boutique\/wp-json\/wp\/v2\/users\/1"}],"replies":[{"embeddable":true,"href":"https:\/\/caniplex.fr\/boutique\/wp-json\/wp\/v2\/comments?post=1140"}],"version-history":[{"count":43,"href":"https:\/\/caniplex.fr\/boutique\/wp-json\/wp\/v2\/pages\/1140\/revisions"}],"predecessor-version":[{"id":2332,"href":"https:\/\/caniplex.fr\/boutique\/wp-json\/wp\/v2\/pages\/1140\/revisions\/2332"}],"wp:attachment":[{"href":"https:\/\/caniplex.fr\/boutique\/wp-json\/wp\/v2\/media?parent=1140"}],"curies":[{"name":"wp","href":"https:\/\/api.w.org\/{rel}","templated":true}]}}