{"id":18,"date":"2023-07-30T22:15:27","date_gmt":"2023-07-30T20:15:27","guid":{"rendered":"https:\/\/caniplex.fr\/dev\/panier\/"},"modified":"2024-01-12T18:21:21","modified_gmt":"2024-01-12T17:21:21","slug":"panier","status":"publish","type":"page","link":"https:\/\/caniplex.fr\/boutique\/panier\/","title":{"rendered":"Panier"},"content":{"rendered":"\t\t<div data-elementor-type=\"wp-page\" data-elementor-id=\"18\" class=\"elementor elementor-18\" data-elementor-post-type=\"page\">\n\t\t\t\t\t\t<section class=\"elementor-section elementor-top-section elementor-element elementor-element-8bf3034 elementor-section-height-min-height elementor-section-boxed elementor-section-height-default elementor-section-items-middle\" data-id=\"8bf3034\" data-element_type=\"section\">\n\t\t\t\t\t\t<div class=\"elementor-container elementor-column-gap-default\">\n\t\t\t\t\t<div class=\"elementor-column elementor-col-100 elementor-top-column elementor-element elementor-element-99ce19d\" data-id=\"99ce19d\" data-element_type=\"column\">\n\t\t\t<div class=\"elementor-widget-wrap\">\n\t\t\t\t\t\t\t<\/div>\n\t\t<\/div>\n\t\t\t\t\t<\/div>\n\t\t<\/section>\n\t\t\t\t<section class=\"elementor-section elementor-top-section elementor-element elementor-element-2d54388 elementor-section-boxed elementor-section-height-default elementor-section-height-default\" data-id=\"2d54388\" data-element_type=\"section\">\n\t\t\t\t\t\t<div class=\"elementor-container elementor-column-gap-default\">\n\t\t\t\t\t<div class=\"elementor-column elementor-col-100 elementor-top-column elementor-element elementor-element-d355378\" data-id=\"d355378\" data-element_type=\"column\">\n\t\t\t<div class=\"elementor-widget-wrap elementor-element-populated\">\n\t\t\t\t\t\t<div class=\"elementor-element elementor-element-eb285c6 elementor-widget elementor-widget-heading\" data-id=\"eb285c6\" data-element_type=\"widget\" data-widget_type=\"heading.default\">\n\t\t\t\t<div class=\"elementor-widget-container\">\n\t\t\t\t\t<h2 class=\"elementor-heading-title elementor-size-default\">Mon panier<\/h2>\t\t\t\t<\/div>\n\t\t\t\t<\/div>\n\t\t\t\t\t<\/div>\n\t\t<\/div>\n\t\t\t\t\t<\/div>\n\t\t<\/section>\n\t\t\t\t<section class=\"elementor-section elementor-top-section elementor-element elementor-element-99743e2 elementor-section-boxed elementor-section-height-default elementor-section-height-default\" data-id=\"99743e2\" data-element_type=\"section\">\n\t\t\t\t\t\t<div class=\"elementor-container elementor-column-gap-default\">\n\t\t\t\t\t<div class=\"elementor-column elementor-col-100 elementor-top-column elementor-element elementor-element-8f07263\" data-id=\"8f07263\" data-element_type=\"column\">\n\t\t\t<div class=\"elementor-widget-wrap elementor-element-populated\">\n\t\t\t\t\t\t\t<\/div>\n\t\t<\/div>\n\t\t\t\t\t<\/div>\n\t\t<\/section>\n\t\t\t\t<section class=\"elementor-section elementor-top-section elementor-element elementor-element-1065914 elementor-section-height-min-height elementor-section-boxed elementor-section-height-default elementor-section-items-middle\" data-id=\"1065914\" data-element_type=\"section\">\n\t\t\t\t\t\t<div class=\"elementor-container elementor-column-gap-default\">\n\t\t\t\t\t<div class=\"elementor-column elementor-col-100 elementor-top-column elementor-element elementor-element-ff18186\" data-id=\"ff18186\" data-element_type=\"column\">\n\t\t\t<div class=\"elementor-widget-wrap\">\n\t\t\t\t\t\t\t<\/div>\n\t\t<\/div>\n\t\t\t\t\t<\/div>\n\t\t<\/section>\n\t\t\t\t<\/div>\n\t\t","protected":false},"excerpt":{"rendered":"<p>Mon panier Supprimer l\u2019\u00e9l\u00e9ment Miniature Produit Prix Quantit\u00e9 Sous-total &times; Croissance 15Kg 65,00&euro; quantit\u00e9 de Croissance 15Kg 65,00&euro; Appliquer le code promo Totaux du panier Sous-total 65,00&euro; Exp\u00e9dition GLS Chez vous Livraison \u00e0 177 Rue de Bovila, 46800 PORTE DU QUERCY. Modifier l\u2019adresse Pays\/r\u00e9gion\u00a0: S\u00e9lectionner un pays\/r\u00e9gion\u2026France Ville\u00a0: Code postal Mettre \u00e0 jour Total 65,00&euro; [&hellip;]<\/p>\n","protected":false},"author":1,"featured_media":0,"parent":0,"menu_order":0,"comment_status":"closed","ping_status":"closed","template":"","meta":{"footnotes":""},"class_list":["post-18","page","type-page","status-publish","hentry"],"jetpack_sharing_enabled":true,"_links":{"self":[{"href":"https:\/\/caniplex.fr\/boutique\/wp-json\/wp\/v2\/pages\/18","targetHints":{"allow":["GET"]}}],"collection":[{"href":"https:\/\/caniplex.fr\/boutique\/wp-json\/wp\/v2\/pages"}],"about":[{"href":"https:\/\/caniplex.fr\/boutique\/wp-json\/wp\/v2\/types\/page"}],"author":[{"embeddable":true,"href":"https:\/\/caniplex.fr\/boutique\/wp-json\/wp\/v2\/users\/1"}],"replies":[{"embeddable":true,"href":"https:\/\/caniplex.fr\/boutique\/wp-json\/wp\/v2\/comments?post=18"}],"version-history":[{"count":99,"href":"https:\/\/caniplex.fr\/boutique\/wp-json\/wp\/v2\/pages\/18\/revisions"}],"predecessor-version":[{"id":2008,"href":"https:\/\/caniplex.fr\/boutique\/wp-json\/wp\/v2\/pages\/18\/revisions\/2008"}],"wp:attachment":[{"href":"https:\/\/caniplex.fr\/boutique\/wp-json\/wp\/v2\/media?parent=18"}],"curies":[{"name":"wp","href":"https:\/\/api.w.org\/{rel}","templated":true}]}}