{"id":1875,"date":"2023-11-26T10:39:29","date_gmt":"2023-11-26T09:39:29","guid":{"rendered":"https:\/\/caniplex.fr\/boutique\/?page_id=1875"},"modified":"2023-11-26T10:58:39","modified_gmt":"2023-11-26T09:58:39","slug":"politique-des-cookies","status":"publish","type":"page","link":"https:\/\/caniplex.fr\/boutique\/politique-des-cookies\/","title":{"rendered":"Politique des cookies"},"content":{"rendered":"\t\t<div data-elementor-type=\"wp-page\" data-elementor-id=\"1875\" class=\"elementor elementor-1875\" data-elementor-post-type=\"page\">\n\t\t\t\t\t\t<section class=\"elementor-section elementor-top-section elementor-element elementor-element-fdf2102 elementor-section-height-min-height elementor-section-boxed elementor-section-height-default elementor-section-items-middle\" data-id=\"fdf2102\" data-element_type=\"section\">\n\t\t\t\t\t\t<div class=\"elementor-container elementor-column-gap-default\">\n\t\t\t\t\t<div class=\"elementor-column elementor-col-100 elementor-top-column elementor-element elementor-element-cf52517\" data-id=\"cf52517\" data-element_type=\"column\">\n\t\t\t<div class=\"elementor-widget-wrap\">\n\t\t\t\t\t\t\t<\/div>\n\t\t<\/div>\n\t\t\t\t\t<\/div>\n\t\t<\/section>\n\t\t\t\t<section class=\"elementor-section elementor-top-section elementor-element elementor-element-349964e elementor-section-boxed elementor-section-height-default elementor-section-height-default\" data-id=\"349964e\" data-element_type=\"section\">\n\t\t\t\t\t\t<div class=\"elementor-container elementor-column-gap-default\">\n\t\t\t\t\t<div class=\"elementor-column elementor-col-100 elementor-top-column elementor-element elementor-element-eeb6d2b\" data-id=\"eeb6d2b\" data-element_type=\"column\">\n\t\t\t<div class=\"elementor-widget-wrap elementor-element-populated\">\n\t\t\t\t\t\t<div class=\"elementor-element elementor-element-7cc926c elementor-widget elementor-widget-heading\" data-id=\"7cc926c\" data-element_type=\"widget\" data-widget_type=\"heading.default\">\n\t\t\t\t<div class=\"elementor-widget-container\">\n\t\t\t\t\t<h2 class=\"elementor-heading-title elementor-size-default\">Politique des cookies<\/h2>\t\t\t\t<\/div>\n\t\t\t\t<\/div>\n\t\t\t\t<div class=\"elementor-element elementor-element-ffde414 elementor-widget elementor-widget-text-editor\" data-id=\"ffde414\" data-element_type=\"widget\" data-widget_type=\"text-editor.default\">\n\t\t\t\t<div class=\"elementor-widget-container\">\n\t\t\t\t\t\t\t\t\t<p>La pr\u00e9sente Politique des Cookies a pour objet d&#8217;informer les utilisateurs du site Internet de la soci\u00e9t\u00e9 CANIPLEX\u00ae sur la mani\u00e8re dont des donn\u00e9es \u00e0 caract\u00e8re personnel sont collect\u00e9es, trait\u00e9es et utilis\u00e9es par le biais de cookies lors de leur navigation sur le site.<\/p><h3>1. D\u00e9finition des Cookies<\/h3><p>Les cookies sont des fichiers textes contenant de petites quantit\u00e9s d&#8217;informations qui sont t\u00e9l\u00e9charg\u00e9es sur votre ordinateur, votre tablette ou votre smartphone lorsque vous visitez un site Web. Les cookies sont ensuite renvoy\u00e9s au site Web d&#8217;origine \u00e0 chaque visite ult\u00e9rieure, ou \u00e0 un autre site Web qui reconna\u00eet ces cookies. Ils sont utiles car ils permettent \u00e0 un site Web de reconna\u00eetre l&#8217;appareil d&#8217;un utilisateur.<\/p><h3>2. Types de Cookies utilis\u00e9s par CANIPLEX\u00ae<\/h3><p>CANIPLEX\u00ae utilise les types de cookies suivants :<\/p><ul><li><p><strong>Cookies Essentiels :<\/strong> Ces cookies sont n\u00e9cessaires au fonctionnement du site Web. Ils permettent de vous permettre de naviguer sur le site et d&#8217;utiliser ses fonctionnalit\u00e9s, telles que l&#8217;acc\u00e8s \u00e0 des zones s\u00e9curis\u00e9es.<\/p><\/li><li><p><strong>Cookies Analytiques :<\/strong> Ces cookies nous permettent de reconna\u00eetre et de compter le nombre de visiteurs sur le site Web et de voir comment les visiteurs se d\u00e9placent sur le site lorsqu&#8217;ils l&#8217;utilisent. Cela nous aide \u00e0 am\u00e9liorer le fonctionnement de notre site.<\/p><\/li><li><p><strong>Cookies de Personnalisation :<\/strong> Ces cookies sont utilis\u00e9s pour reconna\u00eetre les visiteurs lorsqu&#8217;ils reviennent sur notre site Web. Cela nous permet de personnaliser le contenu du site pour vous, de vous accueillir par votre nom et de m\u00e9moriser vos pr\u00e9f\u00e9rences.<\/p><\/li><li><p><strong>Cookies Publicitaires :<\/strong> Ces cookies enregistrent votre visite sur notre site, les pages que vous avez visit\u00e9es et les liens que vous avez suivis. Nous utiliserons ces informations pour rendre notre site Web et la publicit\u00e9 qui y est affich\u00e9e plus pertinents pour vos int\u00e9r\u00eats. Nous pouvons \u00e9galement partager ces informations avec des tiers \u00e0 cette fin.<\/p><\/li><\/ul><h3>3. Consentement de l&#8217;Utilisateur<\/h3><p>En utilisant le site Web de CANIPLEX\u00ae, vous consentez \u00e0 l&#8217;utilisation de cookies conform\u00e9ment \u00e0 la pr\u00e9sente Politique des Cookies. Si vous n&#8217;acceptez pas l&#8217;utilisation de ces cookies, veuillez d\u00e9sactiver les cookies en suivant les instructions de votre navigateur.<\/p><h3>4. Gestion des Cookies<\/h3><p>Les utilisateurs peuvent g\u00e9rer leurs pr\u00e9f\u00e9rences en mati\u00e8re de cookies via les param\u00e8tres de leur navigateur. Cependant, la d\u00e9sactivation des cookies essentiels peut affecter le fonctionnement du site Web.<\/p><h3>5. Dur\u00e9e de Conservation<\/h3><p>La dur\u00e9e de conservation des cookies peut varier en fonction de leur nature. Les cookies essentiels sont g\u00e9n\u00e9ralement conserv\u00e9s pendant la dur\u00e9e de votre session de navigation, tandis que les cookies analytiques et de personnalisation peuvent \u00eatre conserv\u00e9s plus longtemps. Nous respectons les exigences pos\u00e9es par la CNIL en mati\u00e8re de dur\u00e9e de conservation des donn\u00e9es.<\/p><h3><strong>6. Modifications de la Politique des Cookies<\/strong><\/h3><p>CANIPLEX\u00ae se r\u00e9serve le droit de modifier cette Politique des Cookies \u00e0 tout moment. Toute modification sera publi\u00e9e sur cette page, et nous encourageons les utilisateurs \u00e0 consulter r\u00e9guli\u00e8rement cette page pour rester inform\u00e9s des \u00e9ventuelles mises \u00e0 jour.<\/p><p>Pour toute question ou pr\u00e9occupation concernant cette Politique des Cookies, veuillez nous contacter \u00e0 l&#8217;adresse suivante : <a href=\"mailto:contact@caniplex.fr\" target=\"_new\">contact@caniplex.fr<\/a>.<\/p><p>Derni\u00e8re mise \u00e0 jour : 26\/11\/2023.<\/p><p><strong>CANIPLEX\u00ae, 46800 Porte du Quercy, France.<\/strong><\/p><p>\u00a0<\/p>\t\t\t\t\t\t\t\t<\/div>\n\t\t\t\t<\/div>\n\t\t\t\t\t<\/div>\n\t\t<\/div>\n\t\t\t\t\t<\/div>\n\t\t<\/section>\n\t\t\t\t<\/div>\n\t\t","protected":false},"excerpt":{"rendered":"<p>Politique des cookies La pr\u00e9sente Politique des Cookies a pour objet d&#8217;informer les utilisateurs du site Internet de la soci\u00e9t\u00e9 CANIPLEX\u00ae sur la mani\u00e8re dont des donn\u00e9es \u00e0 caract\u00e8re personnel sont collect\u00e9es, trait\u00e9es et utilis\u00e9es par le biais de cookies lors de leur navigation sur le site. 1. D\u00e9finition des Cookies Les cookies sont des [&hellip;]<\/p>\n","protected":false},"author":1,"featured_media":0,"parent":0,"menu_order":0,"comment_status":"closed","ping_status":"closed","template":"","meta":{"footnotes":""},"class_list":["post-1875","page","type-page","status-publish","hentry"],"jetpack_sharing_enabled":true,"_links":{"self":[{"href":"https:\/\/caniplex.fr\/boutique\/wp-json\/wp\/v2\/pages\/1875","targetHints":{"allow":["GET"]}}],"collection":[{"href":"https:\/\/caniplex.fr\/boutique\/wp-json\/wp\/v2\/pages"}],"about":[{"href":"https:\/\/caniplex.fr\/boutique\/wp-json\/wp\/v2\/types\/page"}],"author":[{"embeddable":true,"href":"https:\/\/caniplex.fr\/boutique\/wp-json\/wp\/v2\/users\/1"}],"replies":[{"embeddable":true,"href":"https:\/\/caniplex.fr\/boutique\/wp-json\/wp\/v2\/comments?post=1875"}],"version-history":[{"count":12,"href":"https:\/\/caniplex.fr\/boutique\/wp-json\/wp\/v2\/pages\/1875\/revisions"}],"predecessor-version":[{"id":1899,"href":"https:\/\/caniplex.fr\/boutique\/wp-json\/wp\/v2\/pages\/1875\/revisions\/1899"}],"wp:attachment":[{"href":"https:\/\/caniplex.fr\/boutique\/wp-json\/wp\/v2\/media?parent=1875"}],"curies":[{"name":"wp","href":"https:\/\/api.w.org\/{rel}","templated":true}]}}