{"id":1887,"date":"2023-11-26T10:53:20","date_gmt":"2023-11-26T09:53:20","guid":{"rendered":"https:\/\/caniplex.fr\/boutique\/?page_id=1887"},"modified":"2023-11-26T11:24:53","modified_gmt":"2023-11-26T10:24:53","slug":"conditions-generales-dutilisation","status":"publish","type":"page","link":"https:\/\/caniplex.fr\/boutique\/conditions-generales-dutilisation\/","title":{"rendered":"Conditions G\u00e9n\u00e9rales d&#8217;Utilisation"},"content":{"rendered":"\t\t<div data-elementor-type=\"wp-page\" data-elementor-id=\"1887\" class=\"elementor elementor-1887\" data-elementor-post-type=\"page\">\n\t\t\t\t\t\t<section class=\"elementor-section elementor-top-section elementor-element elementor-element-a3ddd58 elementor-section-height-min-height elementor-section-boxed elementor-section-height-default elementor-section-items-middle\" data-id=\"a3ddd58\" data-element_type=\"section\">\n\t\t\t\t\t\t<div class=\"elementor-container elementor-column-gap-default\">\n\t\t\t\t\t<div class=\"elementor-column elementor-col-100 elementor-top-column elementor-element elementor-element-c5ac9a7\" data-id=\"c5ac9a7\" data-element_type=\"column\">\n\t\t\t<div class=\"elementor-widget-wrap\">\n\t\t\t\t\t\t\t<\/div>\n\t\t<\/div>\n\t\t\t\t\t<\/div>\n\t\t<\/section>\n\t\t\t\t<section class=\"elementor-section elementor-top-section elementor-element elementor-element-dacbb2a elementor-section-boxed elementor-section-height-default elementor-section-height-default\" data-id=\"dacbb2a\" data-element_type=\"section\">\n\t\t\t\t\t\t<div class=\"elementor-container elementor-column-gap-default\">\n\t\t\t\t\t<div class=\"elementor-column elementor-col-100 elementor-top-column elementor-element elementor-element-554b32e\" data-id=\"554b32e\" data-element_type=\"column\">\n\t\t\t<div class=\"elementor-widget-wrap elementor-element-populated\">\n\t\t\t\t\t\t<div class=\"elementor-element elementor-element-2cdeb27 elementor-widget elementor-widget-heading\" data-id=\"2cdeb27\" data-element_type=\"widget\" data-widget_type=\"heading.default\">\n\t\t\t\t<div class=\"elementor-widget-container\">\n\t\t\t\t\t<h2 class=\"elementor-heading-title elementor-size-default\">Conditions G\u00e9n\u00e9rales d'Utilisation de CANIPLEX\u00ae<\/h2>\t\t\t\t<\/div>\n\t\t\t\t<\/div>\n\t\t\t\t<div class=\"elementor-element elementor-element-09da8eb elementor-widget elementor-widget-text-editor\" data-id=\"09da8eb\" data-element_type=\"widget\" data-widget_type=\"text-editor.default\">\n\t\t\t\t<div class=\"elementor-widget-container\">\n\t\t\t\t\t\t\t\t\t<p><em>Date de la derni\u00e8re mise \u00e0 jour : 26\/11\/2023<\/em><\/p><p>Bienvenue sur le site internet de CANIPLEX\u00ae, exploit\u00e9e par la soci\u00e9t\u00e9 CANIPLEX\u00ae au capital de 20 000 euros, immatricul\u00e9e au registre du commerce et des soci\u00e9t\u00e9s de commerce sous le num\u00e9ro 753 501 899 00045, dont le si\u00e8ge social est situ\u00e9 \u00e0 Bovila, 46800 Fargues, France. Le num\u00e9ro de TVA intracommunautaire est FR55753501899. Les pr\u00e9sentes Conditions G\u00e9n\u00e9rales d&#8217;Utilisation r\u00e9gissent l&#8217;acc\u00e8s et l&#8217;utilisation de notre site internet. En utilisant notre site, vous acceptez pleinement et enti\u00e8rement les dispositions des pr\u00e9sentes CGU.<\/p><h3>1. Objet du Site :<\/h3><p>Notre site a pour objet de pr\u00e9senter nos produits et services, de permettre l&#8217;achat en ligne et de fournir des informations utiles sur notre entreprise. L&#8217;utilisation de ce site est soumise \u00e0 ces CGU ainsi qu&#8217;\u00e0 la l\u00e9gislation applicable.<\/p><h3>2. Acceptation des Conditions :<\/h3><p>L&#8217;acc\u00e8s et l&#8217;utilisation de ce site sont soumis \u00e0 l&#8217;acceptation inconditionnelle des pr\u00e9sentes CGU. CANIPLEX\u00ae se r\u00e9serve le droit de modifier ces conditions \u00e0 tout moment et sans pr\u00e9avis. Il est de la responsabilit\u00e9 de l&#8217;utilisateur de consulter r\u00e9guli\u00e8rement ces CGU.<\/p><h3>3. Utilisation du Site :<\/h3><p>L&#8217;utilisateur s&#8217;engage \u00e0 utiliser ce site conform\u00e9ment \u00e0 la l\u00e9gislation en vigueur, dans le respect des droits des tiers et de mani\u00e8re conforme \u00e0 l&#8217;\u00e9thique. Toute utilisation contraire \u00e0 ces principes pourra entra\u00eener des mesures appropri\u00e9es.<\/p><h3>4. Propri\u00e9t\u00e9 Intellectuelle :<\/h3><p>Tous les contenus de ce site, y compris, mais sans s&#8217;y limiter, les textes, images, logos, et vid\u00e9os sont la propri\u00e9t\u00e9 exclusive de CANIPLEX\u00ae ou de ses conc\u00e9dants de licence, et sont prot\u00e9g\u00e9s par les lois sur la propri\u00e9t\u00e9 intellectuelle. Toute reproduction ou utilisation non autoris\u00e9e est strictement interdite.<\/p><h3>5. Collecte et Traitement des Donn\u00e9es Personnelles :<\/h3><p><strong>5. Collecte et Traitement des Donn\u00e9es Personnelles :<\/strong><\/p><p>CANIPLEX\u00ae respecte les dispositions de la CNIL en mati\u00e8re de collecte et de traitement des donn\u00e9es personnelles. Conform\u00e9ment aux r\u00e8gles en vigueur du RGPD, vous pouvez demander que toutes les informations vous concernant soient supprim\u00e9es. Pour ce faire, veuillez envoyer une demande par courrier (avec copie de votre pi\u00e8ce d\u2019identit\u00e9 en cas d&#8217;exercice de vos droits, sauf si les \u00e9l\u00e9ments communiqu\u00e9s dans votre demande permettent de vous identifier de fa\u00e7on certaine) \u00e0 l&#8217;adresse suivante :<\/p><p><em>SARL CANIPLEX<br \/>177 Rue de Bovila<br \/>46800 Porte du Quercy \/ FRANCE<\/em><\/p><h3>6. Liens Hypertextes :<\/h3><p>Ce site peut contenir des liens hypertextes vers des sites tiers. CANIPLEX\u00ae ne saurait \u00eatre tenue responsable du contenu de ces sites ni des pratiques de ces tiers en mati\u00e8re de protection des donn\u00e9es.<\/p><h3>7. Responsabilit\u00e9 :<\/h3><p>CANIPLEX\u00ae s&#8217;efforce de maintenir le site \u00e0 jour et accessible. Cependant, l&#8217;entreprise ne garantit pas l&#8217;exactitude, l&#8217;exhaustivit\u00e9 ou la pertinence des informations fournies. L&#8217;utilisation du site se fait \u00e0 vos propres risques.<\/p><h3>8. Loi Applicable et Juridiction :<\/h3><p>Les pr\u00e9sentes CGU sont r\u00e9gies par le droit fran\u00e7ais. Tout litige relatif \u00e0 leur interpr\u00e9tation ou ex\u00e9cution rel\u00e8ve de la comp\u00e9tence des tribunaux fran\u00e7ais.<\/p><p>Pour toute question ou demande d&#8217;information, veuillez nous contacter \u00e0 l&#8217;adresse suivante : <a href=\"mailto:contact@caniplex.fr\" target=\"_new\">contact@caniplex.fr<\/a>.<\/p><p>Merci de votre confiance et bonne utilisation de notre site !<\/p>\t\t\t\t\t\t\t\t<\/div>\n\t\t\t\t<\/div>\n\t\t\t\t\t<\/div>\n\t\t<\/div>\n\t\t\t\t\t<\/div>\n\t\t<\/section>\n\t\t\t\t<\/div>\n\t\t","protected":false},"excerpt":{"rendered":"<p>Conditions G\u00e9n\u00e9rales d&#8217;Utilisation de CANIPLEX\u00ae Date de la derni\u00e8re mise \u00e0 jour : 26\/11\/2023 Bienvenue sur le site internet de CANIPLEX\u00ae, exploit\u00e9e par la soci\u00e9t\u00e9 CANIPLEX\u00ae au capital de 20 000 euros, immatricul\u00e9e au registre du commerce et des soci\u00e9t\u00e9s de commerce sous le num\u00e9ro 753 501 899 00045, dont le si\u00e8ge social est situ\u00e9 [&hellip;]<\/p>\n","protected":false},"author":1,"featured_media":0,"parent":0,"menu_order":0,"comment_status":"closed","ping_status":"closed","template":"","meta":{"footnotes":""},"class_list":["post-1887","page","type-page","status-publish","hentry"],"jetpack_sharing_enabled":true,"_links":{"self":[{"href":"https:\/\/caniplex.fr\/boutique\/wp-json\/wp\/v2\/pages\/1887","targetHints":{"allow":["GET"]}}],"collection":[{"href":"https:\/\/caniplex.fr\/boutique\/wp-json\/wp\/v2\/pages"}],"about":[{"href":"https:\/\/caniplex.fr\/boutique\/wp-json\/wp\/v2\/types\/page"}],"author":[{"embeddable":true,"href":"https:\/\/caniplex.fr\/boutique\/wp-json\/wp\/v2\/users\/1"}],"replies":[{"embeddable":true,"href":"https:\/\/caniplex.fr\/boutique\/wp-json\/wp\/v2\/comments?post=1887"}],"version-history":[{"count":10,"href":"https:\/\/caniplex.fr\/boutique\/wp-json\/wp\/v2\/pages\/1887\/revisions"}],"predecessor-version":[{"id":1911,"href":"https:\/\/caniplex.fr\/boutique\/wp-json\/wp\/v2\/pages\/1887\/revisions\/1911"}],"wp:attachment":[{"href":"https:\/\/caniplex.fr\/boutique\/wp-json\/wp\/v2\/media?parent=1887"}],"curies":[{"name":"wp","href":"https:\/\/api.w.org\/{rel}","templated":true}]}}