{"id":20,"date":"2023-07-30T22:15:27","date_gmt":"2023-07-30T20:15:27","guid":{"rendered":"https:\/\/caniplex.fr\/dev\/mon-compte\/"},"modified":"2023-08-20T17:27:22","modified_gmt":"2023-08-20T15:27:22","slug":"mon-compte","status":"publish","type":"page","link":"https:\/\/caniplex.fr\/boutique\/mon-compte\/","title":{"rendered":"Mon compte"},"content":{"rendered":"\t\t<div data-elementor-type=\"wp-page\" data-elementor-id=\"20\" class=\"elementor elementor-20\" data-elementor-post-type=\"page\">\n\t\t\t\t\t\t<section class=\"elementor-section elementor-top-section elementor-element elementor-element-df7a1d4 elementor-section-height-min-height elementor-section-boxed elementor-section-height-default elementor-section-items-middle\" data-id=\"df7a1d4\" data-element_type=\"section\">\n\t\t\t\t\t\t<div class=\"elementor-container elementor-column-gap-default\">\n\t\t\t\t\t<div class=\"elementor-column elementor-col-100 elementor-top-column elementor-element elementor-element-9b9e10b\" data-id=\"9b9e10b\" data-element_type=\"column\">\n\t\t\t<div class=\"elementor-widget-wrap\">\n\t\t\t\t\t\t\t<\/div>\n\t\t<\/div>\n\t\t\t\t\t<\/div>\n\t\t<\/section>\n\t\t\t\t<section class=\"elementor-section elementor-top-section elementor-element elementor-element-539a1222 elementor-section-boxed elementor-section-height-default elementor-section-height-default\" data-id=\"539a1222\" data-element_type=\"section\">\n\t\t\t\t\t\t<div class=\"elementor-container elementor-column-gap-default\">\n\t\t\t\t\t<div class=\"elementor-column elementor-col-100 elementor-top-column elementor-element elementor-element-354826c4\" data-id=\"354826c4\" data-element_type=\"column\">\n\t\t\t<div class=\"elementor-widget-wrap elementor-element-populated\">\n\t\t\t\t\t\t<div class=\"elementor-element elementor-element-5281d0e elementor-widget elementor-widget-heading\" data-id=\"5281d0e\" data-element_type=\"widget\" data-widget_type=\"heading.default\">\n\t\t\t\t<div class=\"elementor-widget-container\">\n\t\t\t\t\t<h2 class=\"elementor-heading-title elementor-size-default\">Mon compte<\/h2>\t\t\t\t<\/div>\n\t\t\t\t<\/div>\n\t\t\t\t\t<\/div>\n\t\t<\/div>\n\t\t\t\t\t<\/div>\n\t\t<\/section>\n\t\t\t\t<section class=\"elementor-section elementor-top-section elementor-element elementor-element-d018ab7 elementor-section-boxed elementor-section-height-default elementor-section-height-default\" data-id=\"d018ab7\" data-element_type=\"section\">\n\t\t\t\t\t\t<div class=\"elementor-container elementor-column-gap-default\">\n\t\t\t\t\t<div class=\"elementor-column elementor-col-100 elementor-top-column elementor-element elementor-element-7c31957\" data-id=\"7c31957\" data-element_type=\"column\">\n\t\t\t<div class=\"elementor-widget-wrap elementor-element-populated\">\n\t\t\t\t\t\t<div class=\"elementor-element elementor-element-33c0ce3 e-my-account-tabs-vertical elementor-widget elementor-widget-woocommerce-my-account\" data-id=\"33c0ce3\" data-element_type=\"widget\" data-widget_type=\"woocommerce-my-account.default\">\n\t\t\t\t<div class=\"elementor-widget-container\">\n\t\t\t\t\t<div class=\"e-my-account-tab e-my-account-tab__ \">\t\t\t<div class=\"woocommerce\"><\/div>\t\t<\/div>\n\t\t\t\t\t\t<\/div>\n\t\t\t\t<\/div>\n\t\t\t\t\t<\/div>\n\t\t<\/div>\n\t\t\t\t\t<\/div>\n\t\t<\/section>\n\t\t\t\t<section class=\"elementor-section elementor-top-section elementor-element elementor-element-bfe6aca elementor-section-height-min-height elementor-section-boxed elementor-section-height-default elementor-section-items-middle\" data-id=\"bfe6aca\" data-element_type=\"section\">\n\t\t\t\t\t\t<div class=\"elementor-container elementor-column-gap-default\">\n\t\t\t\t\t<div class=\"elementor-column elementor-col-100 elementor-top-column elementor-element elementor-element-5138a8d\" data-id=\"5138a8d\" data-element_type=\"column\">\n\t\t\t<div class=\"elementor-widget-wrap\">\n\t\t\t\t\t\t\t<\/div>\n\t\t<\/div>\n\t\t\t\t\t<\/div>\n\t\t<\/section>\n\t\t\t\t<\/div>\n\t\t","protected":false},"excerpt":{"rendered":"<p>Mon compte Tableau de bord Commandes T\u00e9l\u00e9chargements Adresses D\u00e9tails du compte Mes moyens de paiement D\u00e9connexion Bonjour Admin (vous n\u2019\u00eates pas Admin\u00a0? D\u00e9connexion) \u00c0 partir du tableau de bord de votre compte, vous pouvez visualiser vos commandes r\u00e9centes, g\u00e9rer vos adresses de livraison et de facturation ainsi que changer votre mot de passe et les [&hellip;]<\/p>\n","protected":false},"author":1,"featured_media":0,"parent":0,"menu_order":0,"comment_status":"closed","ping_status":"closed","template":"","meta":{"footnotes":""},"class_list":["post-20","page","type-page","status-publish","hentry"],"jetpack_sharing_enabled":true,"_links":{"self":[{"href":"https:\/\/caniplex.fr\/boutique\/wp-json\/wp\/v2\/pages\/20","targetHints":{"allow":["GET"]}}],"collection":[{"href":"https:\/\/caniplex.fr\/boutique\/wp-json\/wp\/v2\/pages"}],"about":[{"href":"https:\/\/caniplex.fr\/boutique\/wp-json\/wp\/v2\/types\/page"}],"author":[{"embeddable":true,"href":"https:\/\/caniplex.fr\/boutique\/wp-json\/wp\/v2\/users\/1"}],"replies":[{"embeddable":true,"href":"https:\/\/caniplex.fr\/boutique\/wp-json\/wp\/v2\/comments?post=20"}],"version-history":[{"count":103,"href":"https:\/\/caniplex.fr\/boutique\/wp-json\/wp\/v2\/pages\/20\/revisions"}],"predecessor-version":[{"id":2450,"href":"https:\/\/caniplex.fr\/boutique\/wp-json\/wp\/v2\/pages\/20\/revisions\/2450"}],"wp:attachment":[{"href":"https:\/\/caniplex.fr\/boutique\/wp-json\/wp\/v2\/media?parent=20"}],"curies":[{"name":"wp","href":"https:\/\/api.w.org\/{rel}","templated":true}]}}