{"id":480,"date":"2023-08-04T11:36:31","date_gmt":"2023-08-04T09:36:31","guid":{"rendered":"https:\/\/caniplex.fr\/dev\/?post_type=product&#038;p=480"},"modified":"2023-09-11T18:56:10","modified_gmt":"2023-09-11T16:56:10","slug":"480","status":"publish","type":"product","link":"https:\/\/caniplex.fr\/boutique\/produit\/480\/","title":{"rendered":"Energie 15Kg"},"content":{"rendered":"<div id=\"description\" class=\"tab-pane fade in active\">\n<div class=\"product-description\">\n<h3>Aliment Complet Pour Chien Adulte<\/h3>\n<p>Les croquettes Caniplex Energie, sp\u00e9cialement con\u00e7ues pour les chiens sportifs en qu\u00eate de vitalit\u00e9.<br \/>\nEnrichies en saumon riche en om\u00e9ga 3 pour une peau saine et un pelage brillant, ces croquettes offrent une nutrition \u00e9quilibr\u00e9e et \u00e9nergisante \u00e0 votre compagnon actif. Combinant la viande de saumon et de poulet, elles apportent les prot\u00e9ines essentielles pour renforcer les muscles de votre chien. De plus, la formule sp\u00e9ciale Energie contient de la chondro\u00eftine et de la glucosamine, qui favorisent la sant\u00e9 articulaire pour une performance optimale. Faites confiance \u00e0 Caniplex Energie pour soutenir le dynamisme et la vitalit\u00e9 de votre fid\u00e8le ami \u00e0 quatre pattes.<\/p>\n<ul>\n<li>Formule V\u00e9t\u00e9rinaire<\/li>\n<li>Sans OGM<\/li>\n<li>Produit Fran\u00e7ais<\/li>\n<\/ul>\n<p>&nbsp;<\/p>\n<hr \/>\n<h3><strong>Ingredients : <\/strong><\/h3>\n<p>Saumon (min. 20%), Riz (min. 20%), Poulet (min. 20%), Huile et graisse (100% volaille), Prot\u00e9ines de volaille deshydrat\u00e9es, Gluten de ma\u00efs, Ma\u00efs, Bl\u00e9, Prot\u00e9ines plasmatiques (min. 5%), Pulpe de betterave, Levures, Graine de lin, Oeufs entiers deshydrat\u00e9s, Hydrolysat de foie de volaille, Racine de chicor\u00e9e, Romarin, Chlorure de potassium, Carbonate de calcium, Vitamines et min\u00e9raux, Fructo-oligo-saccharides (FOS), Manno-oligo-saccharides (MOS), Extrait de Yucca Shidigera, Sulfate de Chondro\u00eftine, Sulfate de N-acetyl-glucosamine, Tartrate de L-Carnitine.<\/p>\n<p>Additifs CE : Extraits d\u2019origine naturelle riches en tocoph\u00e9rols, Acide orthophosphorique.<\/p>\n<h3><strong>Analyses Moyennes : <\/strong><\/h3>\n<p>Prot\u00e9ines brutes : 32.00%, Mati\u00e8res grasses brutes : 18.00%, Humidit\u00e9 : 10.00%, Mati\u00e8res min\u00e9rales brutes : 6.50%, Cellulose brute : 2.50%, Acide linol\u00e9ique : 6.50% (min.), Vitamine A : 21 000 UI\/Kg, Vitamine D3 : 1 800 UI\/Kg, Vitamine E : 500.00 mg\/Kg, Vitamine C : 200.00 mg\/Kg, Vitamine K : 2.00 mg\/ Kg, Vitamine B1 : 30.00 mg\/Kg, Vitamine B2 : 25.00 mg\/Kg, Vitamine B3 : 60.00 mg\/Kg, Vitamine B5 : 85.00 mg\/Kg, Vitamine B6 : 10.00 mg\/Kg, Vitamine B7 (Choline) : 3 500 mg\/Kg, Vitamine B8 (Biotine) : 5.00 mg\/Kg, Vitamine B9 : 10.00 mg\/Kg, Vitamine B12 : 0.50 mg\/Kg, Ca : 1.40%, P : 1.20%, Mg : 0.10%, K : 0.65%, Na : 0.35%, Fe : 350.00 mg\/Kg, Cu : 15.00 mg\/Kg, Mn : 65.00 mg\/Kg, Zn : 350 mg\/Kg, I : 5.00 mg\/Kg, Se : 0.60 mg\/Kg.<\/p>\n<p><strong>Energie m\u00e9tabolisable :<\/strong> 4 080 Kcal\/Kg<\/p>\n<p>DLUO : 18 mois<\/p>\n<h3><strong>Ration Journali\u00e8re indicative (g)<\/strong><\/h3>\n<p><strong>\u00a0\u00a0\u00a0\u00a0\u00a0\u00a0\u00a0\u00a0\u00a0\u00a0\u00a0\u00a0\u00a0\u00a0\u00a0 \u00a0 \u00a0 \u00a0 \u00a0 \u00a0\u00a0 1-3kg \u00a0 \u00a0 \u00a0 3-5kg\u00a0\u00a0\u00a0\u00a0\u00a0\u00a0\u00a0\u00a0\u00a0 5-10kg\u00a0\u00a0\u00a0\u00a0\u00a0\u00a0\u00a0 10-20kg\u00a0\u00a0\u00a0\u00a0\u00a0\u00a0\u00a0\u00a0 20-40kg \u00a0 \u00a0 \u00a0 40-60kg\u00a0 \u00a0 \u00a0 60-80kg<\/strong><\/p>\n<hr \/>\n<p><strong>&gt;12 mois<\/strong> \u00a0 \u00a0 \u00a0 \u00a0 \u00a0\u00a0 70-85\u00a0 \u00a0 \u00a0 85-115\u00a0\u00a0 \u00a0 \u00a0 \u00a0\u00a0 85-180\u00a0 \u00a0\u00a0\u00a0\u00a0\u00a0\u00a0 150-280\u00a0 \u00a0\u00a0\u00a0\u00a0 \u00a0 300-370 \u00a0\u00a0 \u00a0\u00a0\u00a0 520-620 \u00a0\u00a0\u00a0 480-690<\/p>\n<hr \/>\n<p><strong>&gt;18 mois\u00a0<\/strong> \u00a0\u00a0\u00a0\u00a0 \u00a0\u00a0 \u00a0 70-85 \u00a0\u00a0\u00a0\u00a0\u00a0 85-115\u00a0\u00a0\u00a0\u00a0\u00a0\u00a0\u00a0\u00a0 85-180\u00a0\u00a0\u00a0\u00a0\u00a0\u00a0\u00a0\u00a0 150-280\u00a0\u00a0\u00a0\u00a0\u00a0\u00a0\u00a0\u00a0 290-490 \u00a0\u00a0\u00a0 \u00a0\u00a0 510-630 \u00a0\u00a0\u00a0 510-730<\/p>\n<hr \/>\n<p><strong>18 mois<\/strong> et + \u00a0\u00a0\u00a0\u00a0 70-85 \u00a0\u00a0\u00a0 \u00a0 85-115\u00a0\u00a0\u00a0\u00a0\u00a0\u00a0\u00a0\u00a0 85-180\u00a0\u00a0\u00a0\u00a0\u00a0\u00a0\u00a0\u00a0 150-280\u00a0\u00a0\u00a0\u00a0\u00a0\u00a0\u00a0\u00a0 280-480 \u00a0\u00a0\u00a0 \u00a0\u00a0 510-620\u00a0\u00a0\u00a0 670-810<\/p>\n<hr \/>\n<p>&nbsp;<\/p>\n<p>FR47051001CE<\/p>\n<\/div>\n<\/div>\n","protected":false},"excerpt":{"rendered":"<p>Recette sp\u00e9ciale Energie<\/p>\n<p>Formule enrichie en om\u00e9ga 3 pour une peau saine<\/p>\n<p>Contribue \u00e0 la bonne sant\u00e9 de ses articulations<\/p>\n<p>Viande de Saumon et Poulet<\/p>\n","protected":false},"featured_media":597,"comment_status":"open","ping_status":"closed","template":"","meta":[],"product_cat":[16],"product_tag":[],"class_list":{"0":"post-480","1":"product","2":"type-product","3":"status-publish","4":"has-post-thumbnail","6":"product_cat-non-classe","8":"first","9":"instock","10":"taxable","11":"shipping-taxable","12":"purchasable","13":"product-type-simple"},"jetpack_sharing_enabled":true,"_links":{"self":[{"href":"https:\/\/caniplex.fr\/boutique\/wp-json\/wp\/v2\/product\/480","targetHints":{"allow":["GET"]}}],"collection":[{"href":"https:\/\/caniplex.fr\/boutique\/wp-json\/wp\/v2\/product"}],"about":[{"href":"https:\/\/caniplex.fr\/boutique\/wp-json\/wp\/v2\/types\/product"}],"replies":[{"embeddable":true,"href":"https:\/\/caniplex.fr\/boutique\/wp-json\/wp\/v2\/comments?post=480"}],"version-history":[{"count":2,"href":"https:\/\/caniplex.fr\/boutique\/wp-json\/wp\/v2\/product\/480\/revisions"}],"predecessor-version":[{"id":1621,"href":"https:\/\/caniplex.fr\/boutique\/wp-json\/wp\/v2\/product\/480\/revisions\/1621"}],"wp:featuredmedia":[{"embeddable":true,"href":"https:\/\/caniplex.fr\/boutique\/wp-json\/wp\/v2\/media\/597"}],"wp:attachment":[{"href":"https:\/\/caniplex.fr\/boutique\/wp-json\/wp\/v2\/media?parent=480"}],"wp:term":[{"taxonomy":"product_cat","embeddable":true,"href":"https:\/\/caniplex.fr\/boutique\/wp-json\/wp\/v2\/product_cat?post=480"},{"taxonomy":"product_tag","embeddable":true,"href":"https:\/\/caniplex.fr\/boutique\/wp-json\/wp\/v2\/product_tag?post=480"}],"curies":[{"name":"wp","href":"https:\/\/api.w.org\/{rel}","templated":true}]}}