{"id":483,"date":"2023-08-04T11:46:13","date_gmt":"2023-08-04T09:46:13","guid":{"rendered":"https:\/\/caniplex.fr\/dev\/?post_type=product&#038;p=483"},"modified":"2023-09-11T18:56:32","modified_gmt":"2023-09-11T16:56:32","slug":"light-senior","status":"publish","type":"product","link":"https:\/\/caniplex.fr\/boutique\/produit\/light-senior\/","title":{"rendered":"Light \/ Senior 13Kg"},"content":{"rendered":"<div id=\"description\" class=\"tab-pane fade in active\">\n<div class=\"product-description\">\n<h3><strong>Aliment Complet Pour Chien Adulte<\/strong><\/h3>\n<p>Les croquettes Caniplex S\u00e9nior, con\u00e7ues pour accompagner avec soin et expertise les chiens \u00e2g\u00e9s ou en surpoids. Sp\u00e9cialement formul\u00e9es avec un faible taux calorique, elles permettent de contr\u00f4ler le poids de votre compagnon tout en assurant une nutrition \u00e9quilibr\u00e9e. Les nutriments essentiels, associ\u00e9s \u00e0 la chondro\u00eftine et \u00e0 la glucosamine, favorisent la sant\u00e9 des articulations pour une mobilit\u00e9 prolong\u00e9e. Ces croquettes premium facilitent \u00e9galement le transit intestinal et sont enrichies en \u00e9l\u00e9ments nutritifs pour un pelage sain et rayonnant. Offrez \u00e0 votre fid\u00e8le compagnon le bien-\u00eatre qu&#8217;il m\u00e9rite avec Caniplex S\u00e9nior, une solution de qualit\u00e9 sup\u00e9rieure pour une vie heureuse et confortable. <strong><br \/>\n<\/strong><\/p>\n<ul>\n<li>Formule V\u00e9t\u00e9rinaire<\/li>\n<li>Sans OGM<\/li>\n<li>Produit Fran\u00e7ais<\/li>\n<\/ul>\n<p>&nbsp;<\/p>\n<hr \/>\n<h3><strong>Ingredients : <\/strong><\/h3>\n<p>Poulet (min 40%), Riz (min.35%), Huile et graisses (100% volaille), Prot\u00e9ines de volaille d\u00e9shydrat\u00e9es, Gluten de ma\u00efs, Ma\u00efs, Prot\u00e9ines plasmatiques (min.5%), Pulpe de betterave, levures, Graine de Lin, Oeufs entiers deshydrat\u00e9s, Hydrolysat de foie de volaille, Racine de chicor\u00e9e, Chlorure de potassium, Carbonate de calcium, Vitamines et min\u00e9raux, Fructo oligo saccharides (FOS), Manno oligo saccharides (MOS), Extrait de Yucca Shidigera, Sulfate de Chrondro\u00eftine, Sulfate de N-acetyl glucosamine, Tartrate de L Carnitine<\/p>\n<p>Additifs CE : Extraits d\u2019origine naturelle riches en tocoph\u00e9rols, Acide orthophosphorique.<\/p>\n<p>&nbsp;<\/p>\n<h3><strong>Analyses Moyennes : <\/strong><\/h3>\n<p>Prot\u00e9ines brutes : 23.00%, Mati\u00e8res grasses brutes : 11.00%, Humidit\u00e9 : 10.00%, Mati\u00e8res min\u00e9rales brutes : 5.00%, Cellulose brute : 2.50%,\u00a0 Acide linol\u00e9ique : 6.50% (min.), Vitamine A : 18 000 UI\/Kg, Vitamine D3 : 1 000 UI\/Kg, Vitamine E : 500.00 mg\/Kg, Vitamine C : 200.00 mg\/Kg, Vitamine K : 2.00 mg\/ Kg,\u00a0 Vitamine B1 : 10.00 mg\/Kg, Vitamine B2 : 20.00 mg\/Kg, Vitamine B3 : 50.00 mg\/Kg,\u00a0 Vitamine B5 : 80.00 mg\/Kg, Vitamine B6 : 10.00 mg\/Kg, Vitamine B7 (Choline) : 3 000 mg\/Kg, Vitamine B8 (Biotine) : 5.00 mg\/Kg, Vitamine B9 : 18.00 mg\/Kg, Vitamine B12 : 0.50 mg\/Kg, Ca : 1.00%, P : 0.80%, Mg : 0.09%, K : 0.60%, Na : 0.30%, Fe : 300.00 mg\/Kg, Cu : 15.00 mg\/Kg, Mn : 50.00 mg\/Kg, Zn : 300 mg\/Kg, I : 5.00 mg\/Kg, Se : 0.50 mg\/Kg.<\/p>\n<p><strong>Energie m\u00e9tabolisable : <\/strong>3 470 Kcal\/Kg<\/p>\n<p>&nbsp;<\/p>\n<h3><strong>Ration Journali\u00e8re indicative<\/strong><\/h3>\n<p><strong>Poids du Chien\u00a0\u00a0\u00a0\u00a0\u00a0\u00a0\u00a0\u00a0\u00a0\u00a0\u00a0\u00a0\u00a0\u00a0\u00a0\u00a0\u00a0\u00a0 \u00a0 \u00a0\u00a0\u00a0 2,5-5kg \u00a0 \u00a0\u00a0 \u00a0 5kg\u00a0\u00a0\u00a0\u00a0\u00a0\u00a0\u00a0\u00a0\u00a0 10kg\u00a0\u00a0\u00a0\u00a0\u00a0\u00a0\u00a0\u00a0\u00a0 20kg\u00a0\u00a0\u00a0\u00a0\u00a0\u00a0 \u00a0\u00a0 30kg \u00a0 \u00a0 \u00a0\u00a0 40kg\u00a0 \u00a0 \u00a0 \u00a0 50kg<\/strong><\/p>\n<hr \/>\n<p><strong>Ration (g)\u00a0 \u00a0\u00a0 \u00a0\u00a0 \u00a0 \u00a0 \u00a0 \u00a0 \u00a0 \u00a0 \u00a0 \u00a0 \u00a0<\/strong>\u00a0 \u00a0\u00a0\u00a0 \u00a0\u00a0 70-85\u00a0 \u00a0\u00a0 \u00a0 85-115\u00a0\u00a0\u00a0 \u00a0\u00a0 150-180\u00a0 \u00a0\u00a0\u00a0 230-280\u00a0\u00a0 280-380\u00a0\u00a0 360-480\u00a0 450-550<\/p>\n<hr \/>\n<p>&nbsp;<\/p>\n<p>FR47051001CE<\/p>\n<\/div>\n<\/div>\n","protected":false},"excerpt":{"rendered":"<p>Permet de contr\u00f4ler le poids de votre chien<\/p>\n<p>Contribue \u00e0 la bonne sant\u00e9 de ses articulations<\/p>\n<p>Contient des nutriments favorisant un pelage sain.<\/p>\n<p>Facilite le transit intestinal<\/p>\n<p>Viande de Poulet<\/p>\n","protected":false},"featured_media":599,"comment_status":"open","ping_status":"closed","template":"","meta":[],"product_cat":[16],"product_tag":[],"class_list":{"0":"post-483","1":"product","2":"type-product","3":"status-publish","4":"has-post-thumbnail","6":"product_cat-non-classe","8":"first","9":"instock","10":"taxable","11":"shipping-taxable","12":"purchasable","13":"product-type-simple"},"jetpack_sharing_enabled":true,"_links":{"self":[{"href":"https:\/\/caniplex.fr\/boutique\/wp-json\/wp\/v2\/product\/483","targetHints":{"allow":["GET"]}}],"collection":[{"href":"https:\/\/caniplex.fr\/boutique\/wp-json\/wp\/v2\/product"}],"about":[{"href":"https:\/\/caniplex.fr\/boutique\/wp-json\/wp\/v2\/types\/product"}],"replies":[{"embeddable":true,"href":"https:\/\/caniplex.fr\/boutique\/wp-json\/wp\/v2\/comments?post=483"}],"version-history":[{"count":2,"href":"https:\/\/caniplex.fr\/boutique\/wp-json\/wp\/v2\/product\/483\/revisions"}],"predecessor-version":[{"id":1620,"href":"https:\/\/caniplex.fr\/boutique\/wp-json\/wp\/v2\/product\/483\/revisions\/1620"}],"wp:featuredmedia":[{"embeddable":true,"href":"https:\/\/caniplex.fr\/boutique\/wp-json\/wp\/v2\/media\/599"}],"wp:attachment":[{"href":"https:\/\/caniplex.fr\/boutique\/wp-json\/wp\/v2\/media?parent=483"}],"wp:term":[{"taxonomy":"product_cat","embeddable":true,"href":"https:\/\/caniplex.fr\/boutique\/wp-json\/wp\/v2\/product_cat?post=483"},{"taxonomy":"product_tag","embeddable":true,"href":"https:\/\/caniplex.fr\/boutique\/wp-json\/wp\/v2\/product_tag?post=483"}],"curies":[{"name":"wp","href":"https:\/\/api.w.org\/{rel}","templated":true}]}}