{"id":495,"date":"2023-08-04T13:51:41","date_gmt":"2023-08-04T11:51:41","guid":{"rendered":"https:\/\/caniplex.fr\/dev\/?post_type=product&#038;p=495"},"modified":"2023-09-11T18:57:06","modified_gmt":"2023-09-11T16:57:06","slug":"croissance-5kg","status":"publish","type":"product","link":"https:\/\/caniplex.fr\/boutique\/produit\/croissance-5kg\/","title":{"rendered":"Croissance 5Kg"},"content":{"rendered":"<div class=\"flex flex-grow flex-col gap-3\">\n<div class=\"min-h-[20px] flex flex-col items-start gap-3 overflow-x-auto whitespace-pre-wrap break-words\">\n<div class=\"markdown prose w-full break-words dark:prose-invert light\">\n<h3><strong>Aliment Complet Pour Chiot<\/strong><\/h3>\n<p>Les croquettes Caniplex Croissance, sp\u00e9cialement con\u00e7ues pour les chiots en pleine croissance.<br \/>\nCes croquettes r\u00e9pondent parfaitement aux besoins \u00e9nerg\u00e9tiques \u00e9lev\u00e9s de votre jeune compagnon, aidant \u00e0 soutenir sa croissance harmonieuse et ses d\u00e9fenses naturelles. Formul\u00e9es pour participer \u00e0 la construction solide de son squelette, ces croquettes accompagnent votre chiot jusqu&#8217;\u00e0 l&#8217;\u00e2ge adulte. Fabriqu\u00e9es avec de la viande de poulet de qualit\u00e9 sup\u00e9rieure, elles allient saveur et nutrition de premier ordre. Offrez \u00e0 votre fid\u00e8le ami un d\u00e9part en sant\u00e9 et une croissance \u00e9panouie gr\u00e2ce aux croquettes Caniplex Croissance, une source de vitalit\u00e9 pour chaque \u00e9tape de sa vie.<\/p>\n<\/div>\n<\/div>\n<\/div>\n<ul>\n<li>Formule V\u00e9t\u00e9rinaire<\/li>\n<li>Sans OGM<\/li>\n<li>Produit Fran\u00e7ais<\/li>\n<\/ul>\n<p>&nbsp;<\/p>\n<hr \/>\n<h3><\/h3>\n<h3><strong>Ingredients :<\/strong><\/h3>\n<p>Poulet (min. 35%), Riz (min. 15%), Huile et graisse (100% volaille), Ma\u00efs, Bl\u00e9, Prot\u00e9ines de volaille deshydrat\u00e9es, Gluten de ma\u00efs, Pulpe de betterave (min. 2%), Levures, Graine de lin, Hydrolysat de foie de volaille, Racine de chicor\u00e9e, Chlorure de potassium, Carbonate de calcium, Vitamines et min\u00e9raux, Fructo-oligo-saccharides (FOS), Manno-oligo-saccharides (MOS), Extrait de Yucca Shidigera.<\/p>\n<p>Additifs CE : Extraits d\u2019origine naturelle riches en tocoph\u00e9rols, Acide orthophosphorique.<\/p>\n<p>&nbsp;<\/p>\n<h3><strong>Analyses moyennes : <\/strong><\/h3>\n<p>Prot\u00e9ines brutes : 28.00%, Mati\u00e8res grasses brutes : 14.00%, Humidit\u00e9 : 10.00%, Mati\u00e8res min\u00e9rales brutes : 7.00%, Cellulose brute : 3.00%, Acide linol\u00e9ique : 6.00% (min.), Vitamine A : 22 000 UI\/Kg, Vitamine D3 : 2 200 UI\/Kg, Vitamine E : 200.00 mg\/Kg, Vitamine C : 250.00 mg\/Kg, Vitamine K : 2.00 mg\/ Kg, Vitamine B1 : 35.00 mg\/Kg, Vitamine B2 : 25.00 mg\/Kg, Vitamine B3 : 70.00 mg\/Kg, Vitamine B5 : 80.00 mg\/Kg, Vitamine B6 : 14.00 mg\/Kg, Vitamine B7 (Choline) : 3 000 mg\/Kg, Vitamine B8 (Biotine) : 5.00 mg\/Kg, Vitamine B9 : 15 mg\/Kg, Vitamine B12 : 0.50 mg\/Kg, Ca : 1.35%, P : 1.15%, Mg : 0.10%, K : 0.70%, Na : 0.40%, Fe : 450.00 mg\/Kg, Cu : 15.00 mg\/Kg, Mn : 80.00 mg\/Kg, Zn : 300 mg\/Kg, I : 5.00 mg\/Kg, Se : 0.55 mg\/Kg.<\/p>\n<p><strong>Energie m\u00e9tabolisable :<\/strong> 3 800 Kcal\/Kg<\/p>\n<p>&nbsp;<\/p>\n<h3><strong>Ration Journali\u00e8re indicative<\/strong><\/h3>\n<p><strong>Poids du Chien\u00a0 \u00a0\u00a0\u00a0 2.5-5kg \u00a0\u00a0\u00a0\u00a0 5kg\u00a0\u00a0\u00a0\u00a0\u00a0\u00a0\u00a0\u00a0\u00a0\u00a0 10kg\u00a0\u00a0\u00a0\u00a0\u00a0\u00a0\u00a0\u00a0\u00a0 20kg\u00a0\u00a0\u00a0\u00a0\u00a0\u00a0\u00a0\u00a0\u00a0\u00a0\u00a0 30kg \u00a0 \u00a0 \u00a0\u00a0\u00a0 \u00a0\u00a0 40kg\u00a0 \u00a0 \u00a0\u00a0 50kg\u00a0\u00a0\u00a0 \u00a0\u00a0 60kg<\/strong><\/p>\n<hr \/>\n<p><strong>2.5 mois<\/strong> \u00a0 \u00a0 \u00a0 \u00a0 \u00a0 \u00a0 \u00a0 \u00a0\u00a0 \u00a0 70-80 \u00a0 \u00a0\u00a0 85-115\u00a0\u00a0\u00a0\u00a0\u00a0\u00a0 150-180\u00a0 \u00a0\u00a0\u00a0 230-280 \u00a0 \u00a0 280-380\u00a0 \u00a0 \u00a0 \u00a0 \u00a0 &#8211;\u00a0\u00a0\u00a0\u00a0\u00a0\u00a0\u00a0\u00a0\u00a0 \u00a0\u00a0 &#8211;\u00a0\u00a0\u00a0\u00a0\u00a0\u00a0\u00a0\u00a0\u00a0 \u00a0\u00a0 &#8211;<\/p>\n<hr \/>\n<p><strong> 4 mois\u00a0<\/strong> \u00a0\u00a0\u00a0\u00a0\u00a0\u00a0 \u00a0 \u00a0 \u00a0 \u00a0 \u00a0 \u00a0 \u00a0\u00a0 100\u00a0\u00a0\u00a0\u00a0\u00a0\u00a0\u00a0\u00a0\u00a0\u00a0 200\u00a0\u00a0\u00a0\u00a0\u00a0\u00a0\u00a0 \u00a0 \u00a0 350\u00a0\u00a0\u00a0\u00a0\u00a0\u00a0\u00a0\u00a0\u00a0\u00a0\u00a0\u00a0 430\u00a0\u00a0\u00a0\u00a0\u00a0\u00a0\u00a0\u00a0\u00a0 \u00a0 \u00a0 430\u00a0\u00a0\u00a0\u00a0 \u00a0 \u00a0 \u00a0 \u00a0\u00a0\u00a0 590 \u00a0 \u00a0 \u00a0\u00a0 690 \u00a0 \u00a0\u00a0 \u00a0 \u00a0 \u00a0 &#8211;<\/p>\n<hr \/>\n<p><strong>6 mois\u00a0<\/strong> \u00a0\u00a0 \u00a0 \u00a0 \u00a0 \u00a0 \u00a0 \u00a0 \u00a0 \u00a0\u00a0\u00a0\u00a0 120\u00a0 \u00a0 \u00a0\u00a0\u00a0\u00a0 \u00a0\u00a0 150\u00a0\u00a0\u00a0\u00a0\u00a0\u00a0\u00a0\u00a0\u00a0 \u00a0 230\u00a0\u00a0\u00a0\u00a0\u00a0\u00a0\u00a0\u00a0\u00a0\u00a0\u00a0\u00a0 390\u00a0\u00a0\u00a0\u00a0\u00a0\u00a0\u00a0\u00a0\u00a0\u00a0\u00a0 \u00a0 490\u00a0\u00a0\u00a0\u00a0\u00a0\u00a0 \u00a0 \u00a0 \u00a0 \u00a0 560\u00a0\u00a0\u00a0\u00a0 \u00a0 \u00a0 660\u00a0\u00a0 \u00a0\u00a0 \u00a0\u00a0 760<\/p>\n<hr \/>\n<p><strong>12 mois<\/strong> \u00a0\u00a0\u00a0 \u00a0 \u00a0 \u00a0 \u00a0 \u00a0 \u00a0 \u00a0 \u00a0 \u00a0\u00a0 &#8211;\u00a0\u00a0\u00a0\u00a0\u00a0\u00a0\u00a0\u00a0\u00a0\u00a0\u00a0 \u00a0\u00a0 &#8211;\u00a0\u00a0\u00a0\u00a0\u00a0\u00a0\u00a0\u00a0 \u00a0\u00a0 \u00a0 330\u00a0\u00a0\u00a0\u00a0\u00a0\u00a0\u00a0\u00a0\u00a0\u00a0\u00a0\u00a0 420\u00a0\u00a0\u00a0\u00a0\u00a0\u00a0\u00a0\u00a0\u00a0 \u00a0 \u00a0\u00a0 450\u00a0\u00a0\u00a0\u00a0\u00a0 \u00a0\u00a0 \u00a0 \u00a0 \u00a0 500\u00a0\u00a0\u00a0 \u00a0 \u00a0\u00a0 600\u00a0 \u00a0 \u00a0 \u00a0\u00a0 690<\/p>\n<hr \/>\n<p>&nbsp;<\/p>\n<p>FR47051001CE<\/p>\n<p>&nbsp;<\/p>\n","protected":false},"excerpt":{"rendered":"<div id=\"product-description-short-55\" class=\"product-description-short\">\n<p>R\u00e9pond aux besoins \u00e9nerg\u00e9tiques \u00e9lev\u00e9s du chiot<br \/>\nAide \u00e0 d\u00e9velopper ses d\u00e9fenses naturelles<br \/>\nParticipe \u00e0 la construction solide de son squelette<br \/>\nConvient jusqu\u2019\u00e0 l\u2019\u00e2ge adulte<br \/>\nViande de Poulet<\/p>\n<p>disponible en 15kg et 5Kg<\/p>\n<\/div>\n","protected":false},"featured_media":593,"comment_status":"open","ping_status":"closed","template":"","meta":[],"product_cat":[19,25],"product_tag":[],"class_list":{"0":"post-495","1":"product","2":"type-product","3":"status-publish","4":"has-post-thumbnail","6":"product_cat-chien","7":"product_cat-chiot","9":"first","10":"instock","11":"taxable","12":"shipping-taxable","13":"purchasable","14":"product-type-simple"},"jetpack_sharing_enabled":true,"_links":{"self":[{"href":"https:\/\/caniplex.fr\/boutique\/wp-json\/wp\/v2\/product\/495","targetHints":{"allow":["GET"]}}],"collection":[{"href":"https:\/\/caniplex.fr\/boutique\/wp-json\/wp\/v2\/product"}],"about":[{"href":"https:\/\/caniplex.fr\/boutique\/wp-json\/wp\/v2\/types\/product"}],"replies":[{"embeddable":true,"href":"https:\/\/caniplex.fr\/boutique\/wp-json\/wp\/v2\/comments?post=495"}],"version-history":[{"count":4,"href":"https:\/\/caniplex.fr\/boutique\/wp-json\/wp\/v2\/product\/495\/revisions"}],"predecessor-version":[{"id":1618,"href":"https:\/\/caniplex.fr\/boutique\/wp-json\/wp\/v2\/product\/495\/revisions\/1618"}],"wp:featuredmedia":[{"embeddable":true,"href":"https:\/\/caniplex.fr\/boutique\/wp-json\/wp\/v2\/media\/593"}],"wp:attachment":[{"href":"https:\/\/caniplex.fr\/boutique\/wp-json\/wp\/v2\/media?parent=495"}],"wp:term":[{"taxonomy":"product_cat","embeddable":true,"href":"https:\/\/caniplex.fr\/boutique\/wp-json\/wp\/v2\/product_cat?post=495"},{"taxonomy":"product_tag","embeddable":true,"href":"https:\/\/caniplex.fr\/boutique\/wp-json\/wp\/v2\/product_tag?post=495"}],"curies":[{"name":"wp","href":"https:\/\/api.w.org\/{rel}","templated":true}]}}