{"id":497,"date":"2023-08-04T13:55:19","date_gmt":"2023-08-04T11:55:19","guid":{"rendered":"https:\/\/caniplex.fr\/dev\/?post_type=product&#038;p=497"},"modified":"2023-09-11T18:57:20","modified_gmt":"2023-09-11T16:57:20","slug":"chat","status":"publish","type":"product","link":"https:\/\/caniplex.fr\/boutique\/produit\/chat\/","title":{"rendered":"Chat 10Kg"},"content":{"rendered":"<div id=\"description\" class=\"tab-pane fade in active\">\n<div class=\"product-description\">\n<h3><strong>Aliment Complet Pour Chat Adulte<br \/>\n<\/strong><\/h3>\n<div class=\"flex flex-grow flex-col gap-3\">\n<div class=\"min-h-[20px] flex flex-col items-start gap-3 overflow-x-auto whitespace-pre-wrap break-words\">\n<div class=\"markdown prose w-full break-words dark:prose-invert light\">\n<p>Explorez le monde de la satisfaction f\u00e9line avec nos croquettes Caniplex Chat, une d\u00e9lectable exp\u00e9rience gustative con\u00e7ue pour ravir votre ami \u00e0 quatre pattes. Pr\u00e9par\u00e9es avec soin, ces croquettes \u00e0 la succulente viande de poulet sont une invitation \u00e0 un festin irr\u00e9sistible pour votre chat. Riches en saveurs et en nutriments essentiels, elles offrent une alimentation \u00e9quilibr\u00e9e pour soutenir sa vitalit\u00e9 et sa sant\u00e9. Offrez \u00e0 votre compagnon f\u00e9lin le plaisir exquis de Caniplex Chat, une d\u00e9licieuse mani\u00e8re de lui montrer votre amour.<\/p>\n<ul>\n<li>Formule V\u00e9t\u00e9rinaire<\/li>\n<li>Sans OGM<\/li>\n<li>Produit Fran\u00e7ais<\/li>\n<\/ul>\n<\/div>\n<\/div>\n<\/div>\n<p>&nbsp;<\/p>\n<hr \/>\n<h3><strong>Ingredients : <\/strong><\/h3>\n<p>Poulet (min. 40%), Riz (min. 25%), Huile et graisse (100% volaille), Prot\u00e9ines de volaille deshydrat\u00e9es, Gluten de ma\u00efs, Ma\u00efs, Prot\u00e9ines plasmatiques (min. 5%), Saumon (min. 4%), Hydrolysat de foie de volaille, Pulpe de betterave, Levures, Graine de lin, Huile de poisson, Oeufs entiers deshydrat\u00e9s, Racine de chicor\u00e9e, Chlorure de potassium, Carbonate de calcium, Vitamines et min\u00e9raux, Fructo-oligo-saccharides (FOS), Taurine, DL-methionine, Manno-oligo-saccharides (MOS), Extrait de Yucca Shidigera.<\/p>\n<p>Additifs CE : Extraits d\u2019origine naturelle riches en tocoph\u00e9rols, Acide orthophosphorique.<\/p>\n<p>&nbsp;<\/p>\n<h3><strong>Analyse Moyenne : <\/strong><\/h3>\n<p>Prot\u00e9ines brutes : 32.00%, Mati\u00e8res grasses brutes : 21.00%, Humidit\u00e9 : 10.00%, Mati\u00e8res min\u00e9rales brutes : 6.00%, Cellulose brute : 2.80%, Acide linol\u00e9ique : 7.00% (min.), Vitamine A : 22 000 UI\/Kg, Vitamine D3 : 2 200 UI\/Kg, Vitamine E : 500.00 mg\/Kg, Vitamine C : 200.00 mg\/Kg, Vitamine K : 2.00 mg\/ Kg, Vitamine B1 : 35.00 mg\/Kg, Vitamine B2 : 30.00 mg\/Kg, Vitamine B3 : 60.00 mg\/Kg, Vitamine B5 70.00 mg\/Kg, Vitamine B6 : 15.00 mg\/Kg, Vitamine B7 : 3 500 mg\/Kg, Vitamine B8 (Biotine) : 550 mg\/Kg, Vitamine B9 : 3.00 mg\/Kg, Vitamine B12 : 550 mg\/Kg, Ca : 1.10%, P : 1.00%, Mg : 0.08%, K : 0.65%, Na : 0.35%, Fe : 350.00 mg\/Kg, Cu : 15.00 mg\/Kg, Mn : 65.00 mg\/Kg, Zn : 420 mg\/Kg, I : 5.00 mg\/Kg, Se : 0.70 mg\/Kg, Taurine 1.10 g\/Kg.<\/p>\n<p><strong>Energie m\u00e9tabolisable : <\/strong>4 370 Kcal\/Kg<\/p>\n<p>&nbsp;<\/p>\n<h3><strong>Ration Journali\u00e8re indicative<\/strong><\/h3>\n<p><strong>Poids du Chat \u00a0\u00a0\u00a0\u00a0\u00a0\u00a0\u00a0\u00a0\u00a0\u00a0\u00a0\u00a0\u00a0\u00a0\u00a0 \u00a0 \u00a0\u00a0\u00a0 2,5kg \u00a0 \u00a0\u00a0 \u00a0 3kg\u00a0\u00a0\u00a0\u00a0\u00a0\u00a0\u00a0\u00a0\u00a0 3,5kg\u00a0\u00a0\u00a0\u00a0\u00a0\u00a0\u00a0\u00a0\u00a0 4kg\u00a0\u00a0\u00a0\u00a0\u00a0\u00a0 \u00a0\u00a0 5kg \u00a0 \u00a0 \u00a0\u00a0 6kg\u00a0 \u00a0 \u00a0\u00a0 8kg<\/strong><\/p>\n<hr \/>\n<p><strong>Ration (g)\u00a0 \u00a0\u00a0 \u00a0\u00a0 \u00a0 \u00a0 \u00a0 \u00a0 \u00a0 \u00a0 \u00a0 \u00a0 \u00a0<\/strong>\u00a0 \u00a0 \u00a0 \u00a0 50\u00a0 \u00a0 \u00a0 \u00a0 \u00a0\u00a0 60 \u00a0 \u00a0 \u00a0 \u00a0 \u00a0 \u00a0 70\u00a0 \u00a0 \u00a0 \u00a0 \u00a0 \u00a0\u00a0 \u00a0 80\u00a0 \u00a0\u00a0\u00a0\u00a0\u00a0\u00a0\u00a0\u00a0\u00a0 100 \u00a0\u00a0 \u00a0 \u00a0 120 \u00a0 \u00a0\u00a0\u00a0 160<\/p>\n<hr \/>\n<p>&nbsp;<\/p>\n<p>FR47051001CE<\/p>\n<\/div>\n<\/div>\n","protected":false},"excerpt":{"rendered":"<div id=\"product-description-short-127\" class=\"product-description-short\">\n<p>Aliment Pour Chat Adulte<\/p>\n<p>Viande de Poulet<\/p>\n<p>Super Premium<\/p>\n<\/div>\n","protected":false},"featured_media":595,"comment_status":"open","ping_status":"closed","template":"","meta":[],"product_cat":[16],"product_tag":[],"class_list":{"0":"post-497","1":"product","2":"type-product","3":"status-publish","4":"has-post-thumbnail","6":"product_cat-non-classe","8":"first","9":"instock","10":"taxable","11":"shipping-taxable","12":"purchasable","13":"product-type-simple"},"jetpack_sharing_enabled":true,"_links":{"self":[{"href":"https:\/\/caniplex.fr\/boutique\/wp-json\/wp\/v2\/product\/497","targetHints":{"allow":["GET"]}}],"collection":[{"href":"https:\/\/caniplex.fr\/boutique\/wp-json\/wp\/v2\/product"}],"about":[{"href":"https:\/\/caniplex.fr\/boutique\/wp-json\/wp\/v2\/types\/product"}],"replies":[{"embeddable":true,"href":"https:\/\/caniplex.fr\/boutique\/wp-json\/wp\/v2\/comments?post=497"}],"version-history":[{"count":2,"href":"https:\/\/caniplex.fr\/boutique\/wp-json\/wp\/v2\/product\/497\/revisions"}],"predecessor-version":[{"id":1614,"href":"https:\/\/caniplex.fr\/boutique\/wp-json\/wp\/v2\/product\/497\/revisions\/1614"}],"wp:featuredmedia":[{"embeddable":true,"href":"https:\/\/caniplex.fr\/boutique\/wp-json\/wp\/v2\/media\/595"}],"wp:attachment":[{"href":"https:\/\/caniplex.fr\/boutique\/wp-json\/wp\/v2\/media?parent=497"}],"wp:term":[{"taxonomy":"product_cat","embeddable":true,"href":"https:\/\/caniplex.fr\/boutique\/wp-json\/wp\/v2\/product_cat?post=497"},{"taxonomy":"product_tag","embeddable":true,"href":"https:\/\/caniplex.fr\/boutique\/wp-json\/wp\/v2\/product_tag?post=497"}],"curies":[{"name":"wp","href":"https:\/\/api.w.org\/{rel}","templated":true}]}}